{"id":1881,"date":"2017-08-12T20:08:51","date_gmt":"2017-08-12T18:08:51","guid":{"rendered":"http:\/\/spiceindia.cz\/?post_type=product&#038;p=1881\/"},"modified":"2025-01-26T16:48:45","modified_gmt":"2025-01-26T15:48:45","slug":"vege-dal-gobi-mix-a7-a12-rice-a12","status":"publish","type":"product","link":"https:\/\/spiceindia.cz\/en\/product\/vege-dal-gobi-mix-a7-a12-rice-a12\/","title":{"rendered":"Dal Gobi Kadai mix  (A7, A12) + Rice (A12)"},"content":{"rendered":"<p><span style=\"font-family: inherit; font-weight: inherit;\">cooked with onion, capsicum, tomatoes ,red lentils, cauliflower and with vegetables.<\/span><\/p>\n<p>&nbsp;<\/p>\n<ul class=\"products\"><\/ul>\n<p>&nbsp;<\/p>\n","protected":false},"excerpt":{"rendered":"<div class=\"woocommerce-product-details__short-description\">\n<p>Om\u00e1\u010dka s \u010do\u010dkou, se zeleninou a kv\u011bt\u00e1kem\u00a0 indick\u00fdm ko\u0159en\u00edm.<\/p>\n<\/div>\n<form class=\"cart\" enctype=\"multipart\/form-data\" method=\"post\">\n<div class=\"quantity\"><label class=\"screen-reader-text\" for=\"quantity_635418f075b30\">Mno\u017estv\u00ed<\/label> <input id=\"quantity_635418f075b30\" class=\"input-text qty text\" title=\"Mno\u017estv\u00ed\" max=\"\" min=\"1\" name=\"quantity\" pattern=\"[0-9]*\" size=\"4\" step=\"1\" type=\"number\" value=\"1\" \/><\/div>\n<\/form>\n<div class=\"summary entry-summary\">\n<form class=\"cart\" enctype=\"multipart\/form-data\" method=\"post\"><\/form>\n<div class=\"product_meta\"><\/div>\n<p><a href=\"https:\/\/spiceindia.cz\/seznam-alergenu\/\"><span class=\"btn btn--small btn--secondary list-head\">SEZNAM ALERGEN\u016e<\/span><\/a><\/p>\n<\/div>\n<p>.<\/p>\n","protected":false},"featured_media":0,"template":"","meta":[],"_links":{"self":[{"href":"https:\/\/spiceindia.cz\/en\/wp-json\/wp\/v2\/product\/1881"}],"collection":[{"href":"https:\/\/spiceindia.cz\/en\/wp-json\/wp\/v2\/product"}],"about":[{"href":"https:\/\/spiceindia.cz\/en\/wp-json\/wp\/v2\/types\/product"}],"wp:attachment":[{"href":"https:\/\/spiceindia.cz\/en\/wp-json\/wp\/v2\/media?parent=1881"}],"curies":[{"name":"wp","href":"https:\/\/api.w.org\/{rel}","templated":true}]}}