{"id":10951,"date":"2022-11-18T02:58:43","date_gmt":"2022-11-18T01:58:43","guid":{"rendered":"https:\/\/spiceindia.cz\/?post_type=product&#038;p=10951\/"},"modified":"2022-11-18T02:58:43","modified_gmt":"2022-11-18T01:58:43","slug":"sauvignon-moravske-zemske-vino-suche-zd-nemcicky-czech-rep-white-bile-dry-suche-0-75l","status":"publish","type":"product","link":"https:\/\/spiceindia.cz\/en\/product\/sauvignon-moravske-zemske-vino-suche-zd-nemcicky-czech-rep-white-bile-dry-suche-0-75l\/","title":{"rendered":"Sauvignon, Moravsk\u00e9 zemsk\u00e9 v\u00edno (such\u00e9), ZD N\u011bm\u010di\u010dky (Czech Rep; White\/ b\u00edl\u00e9; dry\/such\u00e9) 0.75L"},"content":{"rendered":"<p>White wine of yellow colour with greenish reflections, elegant flower-fruity aroma. The taste is dry with a hint of dried nettle, green pear and pepper. Refreshing wine of an elegant and balanced aroma.<\/p>\n<p>Recommended for dishes cooked in creamy based sauce like Chef&#8217;s specialy (DILDER), Mala India&#8217;s specialty, Korma, and Paneer dishes. Goes well with Chicken\/Prawn\/Lamb\/Beef\/ Vegetables<\/p>\n","protected":false},"excerpt":{"rendered":"<p>White wine of yellow colour with greenish reflections, elegant flower-fruity aroma. The taste is dry with a hint of dried nettle, green pear and pepper. Refreshing wine of an elegant and balanced aroma.<\/p>\n<p>Recommended for dishes cooked in creamy based sauce like Chef&#8217;s specialy (DILDER), Mala India&#8217;s specialty, Korma, and Paneer dishes. Goes well with Chicken\/Prawn\/Lamb\/Beef\/ Vegetables<\/p>\n","protected":false},"featured_media":0,"template":"","meta":[],"_links":{"self":[{"href":"https:\/\/spiceindia.cz\/en\/wp-json\/wp\/v2\/product\/10951"}],"collection":[{"href":"https:\/\/spiceindia.cz\/en\/wp-json\/wp\/v2\/product"}],"about":[{"href":"https:\/\/spiceindia.cz\/en\/wp-json\/wp\/v2\/types\/product"}],"wp:attachment":[{"href":"https:\/\/spiceindia.cz\/en\/wp-json\/wp\/v2\/media?parent=10951"}],"curies":[{"name":"wp","href":"https:\/\/api.w.org\/{rel}","templated":true}]}}