{"id":1340,"date":"2014-05-30T14:17:08","date_gmt":"2014-05-30T14:17:08","guid":{"rendered":"http:\/\/spiceindia.cz\/contact\/"},"modified":"2017-12-06T14:21:14","modified_gmt":"2017-12-06T13:21:14","slug":"contact","status":"publish","type":"page","link":"https:\/\/spiceindia.cz\/en\/contact\/","title":{"rendered":"Contact"},"content":{"rendered":"\t<div class=\"pixcode  pixcode--grid  grid\" >\r\n\t\t\t<div class=\"island grid__item six-twelfths palm-one-whole\" >\r\n\t\t\n<h3 class=\"flush--top\">Get in touch<\/h3>\n<p>Spice India &#8211; Indian and Bangladeshi Restaurant<br \/>\n<strong>Address:\u00a0<\/strong>Husitsk\u00e1 91\/17, Praha 3, 130 00 Czech Republic<br \/>\n<strong>Call us now:<\/strong> 602 699 906, 222 510 810<br \/>\n<strong>Email:<\/strong> onlinespiceindia@gmail.com<\/p>\n<div><strong>How to get us at<\/strong> Husitsk\u00e1 91\/17, na \u017di\u017ekov\u011b, Praha 3:<\/div>\n<div>Take Bus Number 133, 175 or 207, get off at bus stop called U Pam\u00e1tn\u00edku, which is very near to Florenc or Flora (metro stations).<\/div>\n<div>Or by tram no 5, 9 or 26; get down at Husinecka or Lipanska tram stop and then just walk down for approximately 5 mins.<br \/>\nWe at Spice India look forward to your visit.<\/div>\n<div><\/div>\n<p><img loading=\"lazy\" class=\"alignnone size-medium wp-image-1413\" src=\"http:\/\/spiceindia.cz\/wp-content\/uploads\/2014\/05\/765ac2d9fe-300x203.png\" alt=\"\" width=\"300\" height=\"203\" srcset=\"https:\/\/spiceindia.cz\/wp-content\/uploads\/2014\/05\/765ac2d9fe-300x203.png 300w, https:\/\/spiceindia.cz\/wp-content\/uploads\/2014\/05\/765ac2d9fe-768x519.png 768w, https:\/\/spiceindia.cz\/wp-content\/uploads\/2014\/05\/765ac2d9fe-1024x692.png 1024w, https:\/\/spiceindia.cz\/wp-content\/uploads\/2014\/05\/765ac2d9fe-2048x1383.png 2048w, https:\/\/spiceindia.cz\/wp-content\/uploads\/2014\/05\/765ac2d9fe-1200x810.png 1200w, https:\/\/spiceindia.cz\/wp-content\/uploads\/2014\/05\/765ac2d9fe-900x608.png 900w, https:\/\/spiceindia.cz\/wp-content\/uploads\/2014\/05\/765ac2d9fe-400x270.png 400w\" sizes=\"(max-width: 300px) 100vw, 300px\" \/><\/p>\n<h3>Follow us<\/h3>\n<a class=\"pixcode-icon-link\"  href=\"https:\/\/www.facebook.com\/Spice-India-Restaurant-566786703354255\/\"  target=\"_blank\" \"><i class=\"pixcode  pixcode--icon  icon-e-facebook  circle  medium  \"><\/i><\/a>\n\t<\/div>\r\n\n\t<div class=\"grid__item six-twelfths palm-one-whole\" >\r\n\t\t\n<div role=\"form\" class=\"wpcf7\" id=\"wpcf7-f5-o1\" lang=\"cs-CZ\" dir=\"ltr\">\n<div class=\"screen-reader-response\"><\/div>\n<form action=\"\/en\/wp-json\/wp\/v2\/pages\/1340#wpcf7-f5-o1\" method=\"post\" class=\"wpcf7-form\" novalidate=\"novalidate\">\n<div style=\"display: none;\">\n<input type=\"hidden\" name=\"_wpcf7\" value=\"5\" \/>\n<input type=\"hidden\" name=\"_wpcf7_version\" value=\"4.9.2\" \/>\n<input type=\"hidden\" name=\"_wpcf7_locale\" value=\"cs_CZ\" \/>\n<input type=\"hidden\" name=\"_wpcf7_unit_tag\" value=\"wpcf7-f5-o1\" \/>\n<input type=\"hidden\" name=\"_wpcf7_container_post\" value=\"0\" \/>\n<\/div>\n<p><label> Name (required)<br \/>\n    <span class=\"wpcf7-form-control-wrap your-name\"><input type=\"text\" name=\"your-name\" value=\"\" size=\"40\" class=\"wpcf7-form-control wpcf7-text wpcf7-validates-as-required\" aria-required=\"true\" aria-invalid=\"false\" \/><\/span> <\/label><\/p>\n<p><label> E-mail (required)<br \/>\n    <span class=\"wpcf7-form-control-wrap your-email\"><input type=\"email\" name=\"your-email\" value=\"\" size=\"40\" class=\"wpcf7-form-control wpcf7-text wpcf7-email wpcf7-validates-as-required wpcf7-validates-as-email\" aria-required=\"true\" aria-invalid=\"false\" \/><\/span> <\/label><\/p>\n<p><label> Subject<br \/>\n    <span class=\"wpcf7-form-control-wrap your-subject\"><input type=\"text\" name=\"your-subject\" value=\"\" size=\"40\" class=\"wpcf7-form-control wpcf7-text\" aria-invalid=\"false\" \/><\/span> <\/label><\/p>\n<p><label> Message<br \/>\n    <span class=\"wpcf7-form-control-wrap your-message\"><textarea name=\"your-message\" cols=\"40\" rows=\"10\" class=\"wpcf7-form-control wpcf7-textarea\" aria-invalid=\"false\"><\/textarea><\/span> <\/label><\/p>\n<p><input type=\"submit\" value=\"Send\" class=\"wpcf7-form-control wpcf7-submit\" \/><\/p>\n<input type='hidden' class='wpcf7-pum' value='{\"closepopup\":false,\"closedelay\":0,\"openpopup\":false,\"openpopup_id\":0}' \/><div class=\"wpcf7-response-output wpcf7-display-none\"><\/div><\/form><\/div>\n\t<\/div>\r\n\n\t<\/div>\r\n\n","protected":false},"excerpt":{"rendered":"","protected":false},"author":1,"featured_media":2428,"parent":0,"menu_order":0,"comment_status":"closed","ping_status":"closed","template":"","meta":[],"_links":{"self":[{"href":"https:\/\/spiceindia.cz\/en\/wp-json\/wp\/v2\/pages\/1340"}],"collection":[{"href":"https:\/\/spiceindia.cz\/en\/wp-json\/wp\/v2\/pages"}],"about":[{"href":"https:\/\/spiceindia.cz\/en\/wp-json\/wp\/v2\/types\/page"}],"author":[{"embeddable":true,"href":"https:\/\/spiceindia.cz\/en\/wp-json\/wp\/v2\/users\/1"}],"replies":[{"embeddable":true,"href":"https:\/\/spiceindia.cz\/en\/wp-json\/wp\/v2\/comments?post=1340"}],"version-history":[{"count":0,"href":"https:\/\/spiceindia.cz\/en\/wp-json\/wp\/v2\/pages\/1340\/revisions"}],"wp:featuredmedia":[{"embeddable":true,"href":"https:\/\/spiceindia.cz\/en\/wp-json\/wp\/v2\/media\/2428"}],"wp:attachment":[{"href":"https:\/\/spiceindia.cz\/en\/wp-json\/wp\/v2\/media?parent=1340"}],"curies":[{"name":"wp","href":"https:\/\/api.w.org\/{rel}","templated":true}]}}